{"id":175,"date":"2017-08-09T16:11:23","date_gmt":"2017-08-09T15:11:23","guid":{"rendered":"http:\/\/www.barriola.eus\/lege-oharra\/"},"modified":"2020-06-08T12:59:00","modified_gmt":"2020-06-08T11:59:00","slug":"lege-oharra","status":"publish","type":"page","link":"https:\/\/www.barriola.eus\/es\/lege-oharra\/","title":{"rendered":"Lege oharra"},"content":{"rendered":"<div class=\"modal-header\"><span style=\"color: inherit; font-size: 1.56em; font-weight: 600;\">1. Titularidad de la P\u00e1gina Web<\/span><\/div>\n<div class=\"modal-body\">\n<p>De acuerdo con el art\u00edculo 10 de la Ley 34\/2002, de 11 de julio, de Servicios de la Sociedad de la Informaci\u00f3n y de Comercio Electr\u00f3nico se informa al usuario que la p\u00e1gina web es titularidad de (EMPRESA) con NIF: B20082525 y domicilio en: (EMPRESA)\u00a0 inscrita en el Registro Mercantil de ( EMPRESA) n\u00famero, tomo etc<\/p>\n<p>La presente informaci\u00f3n conforma y regula las condiciones de uso , las limitaciones de responsabilidad y las obligaciones que los usuarios de la pagina web asumen y se comprometen a respetar .<\/p>\n<h3>2. T\u00e9rminos y condiciones de uso<\/h3>\n<p>El acceso a esta p\u00e1gina web atribuye la condici\u00f3n de USUARIO, quien accede voluntariamente a este sitio web. El acceso y navegaci\u00f3n en este sitio web implica aceptar y conocer las advertencias legales, condiciones y t\u00e9rminos de uso contenidos en dicho sitio web. El mero acceso no implica el establecimiento de ning\u00fan tipo de relaci\u00f3n comercial entre el USUARIO y el TITULAR DE LA WEB. La informaci\u00f3n suministrada en la p\u00e1gina web tiene como finalidad facilitar el conocimiento por parte de los usuarios de las actividades y de los servicios que presta (EMPRESA)\u00a0 quien se reserva el derecho de efectuar, en cualquier momento cuantas modificaciones, variaciones, supresi\u00f3n o cancelaciones de los contenidos y en la forma de presentaci\u00f3n de los mismos que considere necesaria para la prestaci\u00f3n de los servicios. Esta facultad no otorga a los usuarios ning\u00fan derecho a percibir indemnizaci\u00f3n por da\u00f1os y perjuicios, por lo que se recomienda al USUARIO que lea este Aviso Legal tantas veces como acceda a la web.<\/p>\n<h3>3. Uso indebido<\/h3>\n<p>El USUARIO asume la responsabilidad del uso del portal, comprometi\u00e9ndose a realizar un buen uso de la p\u00e1gina web y aportar informaci\u00f3n veraz y l\u00edcita, no permiti\u00e9ndose conductas que vayan contra la ley, los derechos o intereses de terceros.<\/p>\n<p>La utilizaci\u00f3n de ciertos servicios o solicitudes a (EMPRESA)\u00a0 estar\u00e1n condicionadas a la previa cumplimentaci\u00f3n del correspondiente formulario de recogida de datos. A estos efectos, el USUARIO ser\u00e1 responsable de la informaci\u00f3n falsa o inexacta que pudiera realizar o comunicar y de los perjuicios que cause a (EMPRESA)<\/p>\n<p>(EMPRESA)\u00a0 se reserva el derecho a denegar o retirar el acceso a la web a aquellos USUARIOS que incumplen las condiciones y obligaciones de la presente p\u00e1gina web.<\/p>\n<h3>4. Exclusi\u00f3n de garant\u00edas y responsabilidad<\/h3>\n<p>(EMPRESA)\u00a0\u00a0 no se responsabiliza del mal uso que se realice de los contenidos de la p\u00e1gina web, y no se hace responsable en ning\u00fan caso, de los da\u00f1os y perjuicios de cualquier naturaleza que pudiera ocasionar el funcionamiento de la p\u00e1gina web y\/o sus servicios ni garantizar la utilidad de la p\u00e1gina web, ni que el usuario pueda utilizar en todo momento la web o los servicios que se ofrezcan.<\/p>\n<p>(EMPRESA) no puede garantizar la fiabilidad, veracidad, exhaustividad y actualidad de los contenidos y, por tanto queda excluida cualquier tipo de responsabilidad que pudiera derivarse por los da\u00f1os causados, directa o indirectamente, por la informaci\u00f3n a la que se acceda por medio de la web.<\/p>\n<p>No obstante, (EMPRESA) declara que ha adoptado todas las medidas necesarias, dentro de sus posibilidades y del estado de la tecnolog\u00eda, para garantizar el funcionamiento de la p\u00e1gina web y evitar la existencia y transmisi\u00f3n de virus y dem\u00e1s componentes da\u00f1inos a los usuarios.<\/p>\n<h3>5. Enlaces<\/h3>\n<p>En el caso de que en en el sitio web se dispusiesen enlaces o hiperv\u00ednculos hac\u00eda otros sitios de Internet. La p\u00e1ina web en la que se establezca el hiperenlace no contendr\u00e1 informaciones o contenidos il\u00edcitos, contrarios a la moral o buenas costumbres.<\/p>\n<p>No se realizar\u00e1n manifestaciones o indicaciones falsas, inexactas u ofensivas sobre directivos, empleados, colaboradores o de las personas que se relacionen en la p\u00e1gina por cualquier motivo , o de los usuarios de la p\u00e1gina, o de los contenidos suministrados.<\/p>\n<h3>6. Propiedad intelectual e industrial<\/h3>\n<p>El Copyright, dise\u00f1o y creaci\u00f3n de la p\u00e1gina web es titularidad de (EMPRESA) . El acceso gratuito no implica otros derechos o licencias para reproducci\u00f3n y\/o distribuci\u00f3n sin la previa autorizaci\u00f3n expresa del propietario, por lo que, de conformidad con lo dispuesto en los art\u00edculos 8 y 32.1, p\u00e1rrafo segundo, de la Ley de Propiedad Intelectual, quedan expresamente prohibidas la reproducci\u00f3n, distribuci\u00f3n y comunicaci\u00f3n p\u00fablica de la totalidad o parte de los contenidos de esta p\u00e1gina web, con fines comerciales, en cualquier soporte y por cualquier medio t\u00e9cnico sin previa autorizaci\u00f3n, comprometi\u00e9ndose el USUARIO en respetar los derechos de Propiedad Intelectual e Industrial.<\/p>\n<p>Las marcas, logotipos, dise\u00f1os, contenidos, programas u objetos similares que forman parte de esta p\u00e1gina web, est\u00e1n protegidos por leyes de propiedad industrial e intelectual. La reproducci\u00f3n, distribuci\u00f3n, manipulaci\u00f3n o desensamblaje no autorizado de los c\u00f3digos fuente, de los algoritmos incorporados o de la base datos, ya sea total o parcial, dar\u00e1 lugar a graves penalizaciones tanto civiles como penales y ser\u00e1 objeto de cuantas acciones judiciales correspondan en Derecho.<\/p>\n<h3><\/h3>\n<h3>7. Pol\u00edtica de privacidad y protecci\u00f3n de datos<\/h3>\n<p>En virtud de lo dispuesto en el Reglamento General de Protecci\u00f3n de Datos (RGPD), Reglamento UE 2016\/679 y LOPD\u00a0 GDD 3\/2018, relativo a la protecci\u00f3n de las personas f\u00edsicas en lo que respecta al tratamiento de datos personales y a la libre circulaci\u00f3n de los mismos, se informa al USUARIO que todos los datos que proporcione ser\u00e1n incorporados a un Registro de Actividades, creado y mantenido bajo la responsabilidad de (EMPRESA) con el fin de gestionar el env\u00edo de la informaci\u00f3n que soliciten, facilitar al interesado ofertas de productos y servicios de su inter\u00e9s y mejorar su experiencia de usuario. No se tomar\u00e1n decisiones automatizadas ni elaboraci\u00f3n de perfiles en base a los datos aportados. Los datos personales proporcionados se conservar\u00e1n mientras se mantenga la relaci\u00f3n mercantil, en su caso, y no se solicite su supresi\u00f3n por el interesado.<\/p>\n<p>Para ello, (EMPRESA)\u00a0 solicitar\u00e1 el consentimiento del interesado a trav\u00e9s del formulario de recogida de datos para el tratamiento de los mismos , estando el USUARIO legitimado para retirar dicho consentimiento en cualquier momento, as\u00ed como a ejercer sus derechos de acceso, rectificaci\u00f3n, portabilidad, , limitaci\u00f3n, supresi\u00f3n, oposici\u00f3n de sus datos, y a presentar una reclamaci\u00f3n ante la autoridad de control , si considera que el tratamiento no se ajusta a la normativa vigente.<\/p>\n<p>Los contenidos de la p\u00e1gina web est\u00e1n dirigidos a personas mayores de edad, (EMPRESA)\u00a0 no pretende obtener datos de personas menores de edad, y cuando tenga conocimiento de que existen en su fichero datos de car\u00e1cter personal de un menor, proceder\u00e1 de inmediato a cancelar dichos datos.<\/p>\n<h3><\/h3>\n<h3>8. Legislaci\u00f3n aplicable y jurisdicci\u00f3n<\/h3>\n<p>La relaci\u00f3n con el USUARIO se regir\u00e1 por la normativa espa\u00f1ola vigente y cualquier controversia se someter\u00e1 a los Juzgado y tribunales de la ciudad de Donostia Gipuzkoa salvo que la legislaci\u00f3n aplicable determine de forma imperativa otro fuero o legislaci\u00f3n distinta.<\/p>\n<\/div>\n","protected":false},"excerpt":{"rendered":"<p>1. Titularidad de la P\u00e1gina Web De acuerdo con el art\u00edculo 10 de la Ley 34\/2002, de 11 de julio, de Servicios de la Sociedad de la Informaci\u00f3n y de Comercio Electr\u00f3nico se informa al usuario que la p\u00e1gina web es titularidad de (EMPRESA) con NIF: B20082525 y domicilio en: (EMPRESA)\u00a0 inscrita en el Registro [&hellip;]<\/p>\n","protected":false},"author":1,"featured_media":0,"parent":0,"menu_order":0,"comment_status":"closed","ping_status":"closed","template":"","meta":{"footnotes":""},"class_list":["post-175","page","type-page","status-publish","hentry"],"_links":{"self":[{"href":"https:\/\/www.barriola.eus\/es\/wp-json\/wp\/v2\/pages\/175","targetHints":{"allow":["GET"]}}],"collection":[{"href":"https:\/\/www.barriola.eus\/es\/wp-json\/wp\/v2\/pages"}],"about":[{"href":"https:\/\/www.barriola.eus\/es\/wp-json\/wp\/v2\/types\/page"}],"author":[{"embeddable":true,"href":"https:\/\/www.barriola.eus\/es\/wp-json\/wp\/v2\/users\/1"}],"replies":[{"embeddable":true,"href":"https:\/\/www.barriola.eus\/es\/wp-json\/wp\/v2\/comments?post=175"}],"version-history":[{"count":3,"href":"https:\/\/www.barriola.eus\/es\/wp-json\/wp\/v2\/pages\/175\/revisions"}],"predecessor-version":[{"id":240,"href":"https:\/\/www.barriola.eus\/es\/wp-json\/wp\/v2\/pages\/175\/revisions\/240"}],"wp:attachment":[{"href":"https:\/\/www.barriola.eus\/es\/wp-json\/wp\/v2\/media?parent=175"}],"curies":[{"name":"wp","href":"https:\/\/api.w.org\/{rel}","templated":true}]}}